{"id":119,"date":"2020-05-31T15:08:35","date_gmt":"2020-05-31T15:08:35","guid":{"rendered":"https:\/\/fialaprojekty.cz\/?page_id=119"},"modified":"2020-05-31T15:08:35","modified_gmt":"2020-05-31T15:08:35","slug":"sportovni-stavby","status":"publish","type":"page","link":"https:\/\/fialaprojekty.cz\/?page_id=119","title":{"rendered":"SPORTOVN\u00cd STAVBY"},"content":{"rendered":"\n<ul class=\"wp-block-list\"><li>Brand\u00fds nad Labem, Pe fakulta UK &#8211; vyu\u017eit\u00ed st\u00e1vaj\u00edc\u00edch prostor \u0161koly pro pohybov\u00e9 a relaxa\u010dn\u00ed aktivity &#8211; studie<\/li><li>Chodov &#8211; tenisov\u00fd are\u00e1l fy Jonathan (tenisov\u00fd are\u00e1l s p\u0159etlakovou halou, fitcentrem, restaurace, z\u00e1zem\u00ed)<\/li><\/ul>\n\n\n\n<figure class=\"wp-block-image size-large is-resized\"><img loading=\"lazy\" decoding=\"async\" src=\"https:\/\/fialaprojekty.cz\/wp-content\/uploads\/2020\/05\/633112614974843.jpg\" alt=\"\" class=\"wp-image-92\" width=\"199\" height=\"133\"\/><\/figure>\n\n\n\n<ul class=\"wp-block-list\"><li>Hostiva\u0159 &#8211; are\u00e1l Sportovn\u00ed centrum University Karlovy (softbalov\u00e9 h\u0159i\u0161t\u011b, rekonstukce lehkoatletick\u00e9ho ov\u00e1lu a ostatn\u00edch sportovi\u0161\u0165, p\u0159etlakov\u00e1 hala pro odb\u00edjenou a ko\u0161\u00edkovou)<\/li><li>Hostiva\u0159 &#8211; are\u00e1l Sportovn\u00ed centrum University Karlovy (softbalov\u00e9 h\u0159i\u0161t\u011b, rekonstukce lehkoatletick\u00e9ho ov\u00e1lu a ostatn\u00edch sportovi\u0161\u0165, p\u0159etlakov\u00e1 hala pro odb\u00edjenou a ko\u0161\u00edkovou)<\/li><li>Hostiva\u0159 SCUK \u2013 p\u0159etlakov\u00e1 hala<\/li><li>Z\u0160 K Dol\u016fm 2, Praha 4 \u2013 Mod\u0159any \u2013 v\u00edce\u00fa\u010delov\u00e9 h\u0159i\u0161t\u011b<\/li><li>UK Praha \u2013 sportovn\u00ed centrum studie \u00faprav p\u016fvodn\u00edho atletick\u00e9ho a softbolov\u00e9ho stadionu<\/li><li>Horn\u00ed Chobolice \u2013 cykloturistick\u00fd a sportovn\u00ed are\u00e1l \u2013 Pension pod Sedlem \u2013 studie<\/li><\/ul>\n\n\n\n<h2 class=\"wp-block-heading\">BAZ\u00c9NY<\/h2>\n\n\n\n<ul class=\"wp-block-list\"><li>Hostiva\u0159 &#8211; oprava a rekonstrukce baz\u00e9nu sportovn\u00edho centra UK (stavebn\u00ed rekounstrukce t\u011blesa baz\u00e9nu, nov\u00e1 technologie \u00fapravy vody, vyt\u00e1p\u011bn\u00ed, kogenerace, vzduchotechnika, soci\u00e1ln\u00ed za\u0159\u00edzen\u00ed, vybaven\u00ed pro imobiln\u00ed ob\u010dany)<\/li><\/ul>\n\n\n\n<figure class=\"wp-block-gallery columns-2 is-cropped wp-block-gallery-1 is-layout-flex wp-block-gallery-is-layout-flex\"><ul class=\"blocks-gallery-grid\"><li class=\"blocks-gallery-item\"><figure><img loading=\"lazy\" decoding=\"async\" width=\"150\" height=\"150\" src=\"https:\/\/fialaprojekty.cz\/wp-content\/uploads\/2020\/05\/773766174182180-2.jpg\" alt=\"\" data-id=\"69\" data-full-url=\"https:\/\/fialaprojekty.cz\/wp-content\/uploads\/2020\/05\/773766174182180-2.jpg\" data-link=\"https:\/\/fialaprojekty.cz\/?attachment_id=69\" class=\"wp-image-69\"\/><\/figure><\/li><li class=\"blocks-gallery-item\"><figure><img loading=\"lazy\" decoding=\"async\" width=\"800\" height=\"555\" src=\"https:\/\/fialaprojekty.cz\/wp-content\/uploads\/2020\/05\/249462121613409.jpg\" alt=\"\" data-id=\"97\" data-full-url=\"https:\/\/fialaprojekty.cz\/wp-content\/uploads\/2020\/05\/249462121613409.jpg\" data-link=\"https:\/\/fialaprojekty.cz\/?attachment_id=97\" class=\"wp-image-97\" srcset=\"https:\/\/fialaprojekty.cz\/wp-content\/uploads\/2020\/05\/249462121613409.jpg 800w, https:\/\/fialaprojekty.cz\/wp-content\/uploads\/2020\/05\/249462121613409-300x208.jpg 300w, https:\/\/fialaprojekty.cz\/wp-content\/uploads\/2020\/05\/249462121613409-768x533.jpg 768w\" sizes=\"auto, (max-width: 800px) 100vw, 800px\" \/><\/figure><\/li><\/ul><\/figure>\n\n\n\n<ul class=\"wp-block-list\"><li>Hav\u00ed\u0159ov &#8211; Prost\u0159edn\u00ed Such\u00e1 &#8211; domovn\u00ed baz\u00e9n<\/li><li>Rekonstrukce baz\u00e9nu 25 m &#8211; m\u011bstsk\u00e9 l\u00e1zn\u011b Vset\u00edn<\/li><li>Hustope\u010de &#8211; letn\u00ed koupali\u0161t\u011b &#8211; technologie<\/li><li>Slan\u00fd &#8211; plaveck\u00fd are\u00e1l &#8211; technologick\u00e1 \u010d\u00e1st<\/li><\/ul>\n\n\n\n<p><\/p>\n","protected":false},"excerpt":{"rendered":"<p>Brand\u00fds nad Labem, Pe fakulta UK &#8211; vyu\u017eit\u00ed st\u00e1vaj\u00edc\u00edch prostor \u0161koly pro pohybov\u00e9 a relaxa\u010dn\u00ed aktivity &#8211; studie Chodov &#8211; tenisov\u00fd are\u00e1l fy Jonathan (tenisov\u00fd are\u00e1l s p\u0159etlakovou halou, fitcentrem, restaurace, z\u00e1zem\u00ed) Hostiva\u0159 &#8211; are\u00e1l Sportovn\u00ed centrum University Karlovy (softbalov\u00e9 h\u0159i\u0161t\u011b, rekonstukce lehkoatletick\u00e9ho ov\u00e1lu a ostatn\u00edch sportovi\u0161\u0165, p\u0159etlakov\u00e1 hala pro odb\u00edjenou a ko\u0161\u00edkovou) Hostiva\u0159 &#8211; &hellip; <a href=\"https:\/\/fialaprojekty.cz\/?page_id=119\" class=\"more-link\">Pokra\u010dov\u00e1n\u00ed textu <span class=\"screen-reader-text\">SPORTOVN\u00cd STAVBY<\/span><\/a><\/p>\n","protected":false},"author":1,"featured_media":0,"parent":0,"menu_order":0,"comment_status":"closed","ping_status":"closed","template":"","meta":{"footnotes":""},"class_list":["post-119","page","type-page","status-publish","hentry"],"_links":{"self":[{"href":"https:\/\/fialaprojekty.cz\/index.php?rest_route=\/wp\/v2\/pages\/119","targetHints":{"allow":["GET"]}}],"collection":[{"href":"https:\/\/fialaprojekty.cz\/index.php?rest_route=\/wp\/v2\/pages"}],"about":[{"href":"https:\/\/fialaprojekty.cz\/index.php?rest_route=\/wp\/v2\/types\/page"}],"author":[{"embeddable":true,"href":"https:\/\/fialaprojekty.cz\/index.php?rest_route=\/wp\/v2\/users\/1"}],"replies":[{"embeddable":true,"href":"https:\/\/fialaprojekty.cz\/index.php?rest_route=%2Fwp%2Fv2%2Fcomments&post=119"}],"version-history":[{"count":1,"href":"https:\/\/fialaprojekty.cz\/index.php?rest_route=\/wp\/v2\/pages\/119\/revisions"}],"predecessor-version":[{"id":120,"href":"https:\/\/fialaprojekty.cz\/index.php?rest_route=\/wp\/v2\/pages\/119\/revisions\/120"}],"wp:attachment":[{"href":"https:\/\/fialaprojekty.cz\/index.php?rest_route=%2Fwp%2Fv2%2Fmedia&parent=119"}],"curies":[{"name":"wp","href":"https:\/\/api.w.org\/{rel}","templated":true}]}}