{"id":127,"date":"2020-05-31T15:39:20","date_gmt":"2020-05-31T15:39:20","guid":{"rendered":"https:\/\/fialaprojekty.cz\/?page_id=127"},"modified":"2020-10-12T10:33:08","modified_gmt":"2020-10-12T08:33:08","slug":"inzenyrska-cinnost","status":"publish","type":"page","link":"https:\/\/fialaprojekty.cz\/?page_id=127","title":{"rendered":"IN\u017dEN\u00ddRSK\u00c1 \u010cINNOST"},"content":{"rendered":"\n<h2 class=\"wp-block-heading\">In\u017een\u00fdrsk\u00e1 \u010dinnost<\/h2>\n\n\n\n<ul class=\"wp-block-list\"><li>Projedn\u00e1n\u00ed \u00fazemn\u00edho rozhodnut\u00ed<\/li><li>Projedn\u00e1n\u00ed stavebn\u00edho povolen\u00ed<\/li><li>Projedn\u00e1n\u00ed spole\u010dn\u00e9ho povolen\u00ed stavby<\/li><li>Spolupr\u00e1ce p\u0159i projedn\u00e1n\u00ed dotac\u00ed<\/li><li>Technickoekonomick\u00e9 studie, kter\u00e9 variantn\u011b \u0159e\u0161\u00ed problematiku z\u00e1sobov\u00e1n\u00ed obc\u00ed pitnou vodou, p\u0159\u00edpadn\u011b odkanalizov\u00e1n\u00ed obc\u00ed se zam\u011b\u0159en\u00edm na investi\u010dn\u00ed a provozn\u00ed n\u00e1klady a vyhodnocen\u00ed variant<\/li><\/ul>\n\n\n\n<h2 class=\"wp-block-heading\">TE studie<\/h2>\n\n\n\n<ul class=\"wp-block-list\"><li>Vset\u00edn &#8211; prameni\u0161t\u011b<\/li><li>Kounice &#8211; vodovod<\/li><li>Nymburk &#8211; Drahelice &#8211; odkanalizov\u00e1n\u00ed<\/li><li>K\u00e1ran\u00fd &#8211; optimalizace um\u011bl\u00e9 infiltrace<\/li><li>Muka\u0159ov &#8211; tlakov\u00e1 kanalizace<\/li><li>Jarov &#8211; dekontamina\u010dn\u00ed jednotka<\/li><li>TE r\u016fzn\u00fdch technologick\u00fdch typ\u016f za\u0159\u00edzen\u00ed pro odradonov\u00e1n\u00ed<\/li><li>Srby, Meclov, Hor\u0161ovsk\u00fd T\u00fdn &#8211; skupinov\u00fd vodovod<\/li><li>B\u011bloky &#8211; kanalizace<\/li><\/ul>\n","protected":false},"excerpt":{"rendered":"<p>In\u017een\u00fdrsk\u00e1 \u010dinnost Projedn\u00e1n\u00ed \u00fazemn\u00edho rozhodnut\u00ed Projedn\u00e1n\u00ed stavebn\u00edho povolen\u00ed Projedn\u00e1n\u00ed spole\u010dn\u00e9ho povolen\u00ed stavby Spolupr\u00e1ce p\u0159i projedn\u00e1n\u00ed dotac\u00ed Technickoekonomick\u00e9 studie, kter\u00e9 variantn\u011b \u0159e\u0161\u00ed problematiku z\u00e1sobov\u00e1n\u00ed obc\u00ed pitnou vodou, p\u0159\u00edpadn\u011b odkanalizov\u00e1n\u00ed obc\u00ed se zam\u011b\u0159en\u00edm na investi\u010dn\u00ed a provozn\u00ed n\u00e1klady a vyhodnocen\u00ed variant TE studie Vset\u00edn &#8211; prameni\u0161t\u011b Kounice &#8211; vodovod Nymburk &#8211; Drahelice &#8211; odkanalizov\u00e1n\u00ed K\u00e1ran\u00fd &#8211; optimalizace &hellip; <a href=\"https:\/\/fialaprojekty.cz\/?page_id=127\" class=\"more-link\">Pokra\u010dov\u00e1n\u00ed textu <span class=\"screen-reader-text\">IN\u017dEN\u00ddRSK\u00c1 \u010cINNOST<\/span><\/a><\/p>\n","protected":false},"author":1,"featured_media":0,"parent":0,"menu_order":0,"comment_status":"closed","ping_status":"closed","template":"","meta":{"footnotes":""},"class_list":["post-127","page","type-page","status-publish","hentry"],"_links":{"self":[{"href":"https:\/\/fialaprojekty.cz\/index.php?rest_route=\/wp\/v2\/pages\/127","targetHints":{"allow":["GET"]}}],"collection":[{"href":"https:\/\/fialaprojekty.cz\/index.php?rest_route=\/wp\/v2\/pages"}],"about":[{"href":"https:\/\/fialaprojekty.cz\/index.php?rest_route=\/wp\/v2\/types\/page"}],"author":[{"embeddable":true,"href":"https:\/\/fialaprojekty.cz\/index.php?rest_route=\/wp\/v2\/users\/1"}],"replies":[{"embeddable":true,"href":"https:\/\/fialaprojekty.cz\/index.php?rest_route=%2Fwp%2Fv2%2Fcomments&post=127"}],"version-history":[{"count":2,"href":"https:\/\/fialaprojekty.cz\/index.php?rest_route=\/wp\/v2\/pages\/127\/revisions"}],"predecessor-version":[{"id":170,"href":"https:\/\/fialaprojekty.cz\/index.php?rest_route=\/wp\/v2\/pages\/127\/revisions\/170"}],"wp:attachment":[{"href":"https:\/\/fialaprojekty.cz\/index.php?rest_route=%2Fwp%2Fv2%2Fmedia&parent=127"}],"curies":[{"name":"wp","href":"https:\/\/api.w.org\/{rel}","templated":true}]}}