{"id":2,"date":"2016-05-10T03:48:21","date_gmt":"2016-05-10T03:48:21","guid":{"rendered":"http:\/\/fialaprojekty.cz\/?page_id=2"},"modified":"2024-01-15T10:58:17","modified_gmt":"2024-01-15T09:58:17","slug":"sample-page","status":"publish","type":"page","link":"https:\/\/fialaprojekty.cz\/","title":{"rendered":"O SPOLE\u010cNOSTI"},"content":{"rendered":"<p>Spole\u010dnost Fiala projekty s.r.o. je n\u00e1stupnickou organizac\u00ed p\u016fvodn\u00ed firmy Ing. I. Fiala \u2013 Projekty, kter\u00e1 byla zalo\u017eena Ing. Ivanem Fialou v roce 1991. Fiala projekty s.r.o. je rodinnou firmou, kde jsou vlastn\u00edci Ing. Ivan Fiala a Marek Fiala<\/p>\n<p>Na\u0161e projek\u010dn\u00ed kancel\u00e1\u0159, je\u017e je na trhu ji\u017e 29 let se zab\u00fdv\u00e1 projekc\u00ed vodohospod\u00e1\u0159sk\u00fdch staveb jako jsou kanalizace v\u010detn\u011b \u010dist\u00edren odpadn\u00edch vod, vodovod\u016f v\u010detn\u011b vodojem\u016f, \u00fapraven vod a vrt\u016f, p\u0159ev\u00e1\u017en\u011b pro m\u011bsta a obce. Projekty jsou zpracov\u00e1v\u00e1ny od technickoekonomick\u00fdch studi\u00ed a\u017e po dokumentace pro prov\u00e1d\u011bn\u00ed stavby , dle kter\u00e9 b\u00fdv\u00e1 vyb\u00edr\u00e1n dodavatel stavby.<\/p>\n<p>Ji\u017e je tomu 6 let kdy jsme za\u010dali pom\u00e1hat obc\u00edm a m\u011bst\u016fm s\u00a0p\u0159\u00edpravou \u017e\u00e1dost\u00ed o dotace v\u010detn\u011b mo\u017enosti p\u0159\u00edpravy v\u00fdb\u011bru dodavatele. Zat\u00edm jsme se nesetkali s\u00a0t\u00edm, \u017ee by na\u0161e projekty nebyly podpo\u0159eny z\u00a0n\u011bkter\u00fdch dota\u010dn\u00edch titul\u016f, jako jsou tituly na MZE nebo SF\u017dP.<\/p>\n<p style=\"padding-left: 40px;\"><img loading=\"lazy\" decoding=\"async\" class=\"alignnone size-full wp-image-33\" src=\"https:\/\/fialaprojekty.cz\/wp-content\/uploads\/2020\/05\/584616006711965-2.jpg\" alt=\"\" width=\"150\" height=\"150\" \/> \u00a0 \u00a0\u00a0 <img loading=\"lazy\" decoding=\"async\" class=\"alignnone size-full wp-image-35\" src=\"https:\/\/fialaprojekty.cz\/wp-content\/uploads\/2020\/05\/422688087518871-2.jpg\" alt=\"\" width=\"150\" height=\"150\" \/> \u00a0\u00a0\u00a0\u00a0 <img loading=\"lazy\" decoding=\"async\" class=\"alignnone wp-image-194 size-medium\" src=\"https:\/\/fialaprojekty.cz\/wp-content\/uploads\/2024\/01\/certifikat_2023-2026-e1705312621898-212x300.jpg\" alt=\"\" width=\"212\" height=\"300\" srcset=\"https:\/\/fialaprojekty.cz\/wp-content\/uploads\/2024\/01\/certifikat_2023-2026-e1705312621898-212x300.jpg 212w, https:\/\/fialaprojekty.cz\/wp-content\/uploads\/2024\/01\/certifikat_2023-2026-e1705312621898-724x1024.jpg 724w, https:\/\/fialaprojekty.cz\/wp-content\/uploads\/2024\/01\/certifikat_2023-2026-e1705312621898-768x1087.jpg 768w, https:\/\/fialaprojekty.cz\/wp-content\/uploads\/2024\/01\/certifikat_2023-2026-e1705312621898-1086x1536.jpg 1086w, https:\/\/fialaprojekty.cz\/wp-content\/uploads\/2024\/01\/certifikat_2023-2026-e1705312621898-1448x2048.jpg 1448w, https:\/\/fialaprojekty.cz\/wp-content\/uploads\/2024\/01\/certifikat_2023-2026-e1705312621898.jpg 1654w\" sizes=\"auto, (max-width: 212px) 100vw, 212px\" \/><a href=\"https:\/\/www.idatabaze.cz\/firma\/107781-fiala-projekty-s-r-o\/\"><img loading=\"lazy\" decoding=\"async\" class=\"alignnone wp-image-37 size-full\" src=\"https:\/\/fialaprojekty.cz\/wp-content\/uploads\/2020\/05\/overeno.gif\" alt=\"\" width=\"135\" height=\"135\" \/><img loading=\"lazy\" decoding=\"async\" class=\"size-medium wp-image-190 alignleft\" src=\"https:\/\/fialaprojekty.cz\/wp-content\/uploads\/2023\/12\/Digital-Certificate-CZ-2-214x300.png\" alt=\"\" width=\"214\" height=\"300\" srcset=\"https:\/\/fialaprojekty.cz\/wp-content\/uploads\/2023\/12\/Digital-Certificate-CZ-2-214x300.png 214w, https:\/\/fialaprojekty.cz\/wp-content\/uploads\/2023\/12\/Digital-Certificate-CZ-2.png 466w\" sizes=\"auto, (max-width: 214px) 100vw, 214px\" \/><img loading=\"lazy\" decoding=\"async\" class=\"alignnone size-full wp-image-182\" src=\"https:\/\/fialaprojekty.cz\/wp-content\/uploads\/2023\/12\/etiketa-paticka-vyska-AAA-CZ.png\" alt=\"\" width=\"142\" height=\"200\" \/><\/a><\/p>\n","protected":false},"excerpt":{"rendered":"<p>Spole\u010dnost Fiala projekty s.r.o. je n\u00e1stupnickou organizac\u00ed p\u016fvodn\u00ed firmy Ing. I. Fiala \u2013 Projekty, kter\u00e1 byla zalo\u017eena Ing. Ivanem Fialou v roce 1991. Fiala projekty s.r.o. je rodinnou firmou, kde jsou vlastn\u00edci Ing. Ivan Fiala a Marek Fiala Na\u0161e projek\u010dn\u00ed kancel\u00e1\u0159, je\u017e je na trhu ji\u017e 29 let se zab\u00fdv\u00e1 projekc\u00ed vodohospod\u00e1\u0159sk\u00fdch staveb jako jsou &hellip; <a href=\"https:\/\/fialaprojekty.cz\/\" class=\"more-link\">Pokra\u010dov\u00e1n\u00ed textu <span class=\"screen-reader-text\">O SPOLE\u010cNOSTI<\/span><\/a><\/p>\n","protected":false},"author":1,"featured_media":0,"parent":0,"menu_order":0,"comment_status":"closed","ping_status":"open","template":"","meta":{"footnotes":""},"class_list":["post-2","page","type-page","status-publish","hentry"],"_links":{"self":[{"href":"https:\/\/fialaprojekty.cz\/index.php?rest_route=\/wp\/v2\/pages\/2","targetHints":{"allow":["GET"]}}],"collection":[{"href":"https:\/\/fialaprojekty.cz\/index.php?rest_route=\/wp\/v2\/pages"}],"about":[{"href":"https:\/\/fialaprojekty.cz\/index.php?rest_route=\/wp\/v2\/types\/page"}],"author":[{"embeddable":true,"href":"https:\/\/fialaprojekty.cz\/index.php?rest_route=\/wp\/v2\/users\/1"}],"replies":[{"embeddable":true,"href":"https:\/\/fialaprojekty.cz\/index.php?rest_route=%2Fwp%2Fv2%2Fcomments&post=2"}],"version-history":[{"count":9,"href":"https:\/\/fialaprojekty.cz\/index.php?rest_route=\/wp\/v2\/pages\/2\/revisions"}],"predecessor-version":[{"id":195,"href":"https:\/\/fialaprojekty.cz\/index.php?rest_route=\/wp\/v2\/pages\/2\/revisions\/195"}],"wp:attachment":[{"href":"https:\/\/fialaprojekty.cz\/index.php?rest_route=%2Fwp%2Fv2%2Fmedia&parent=2"}],"curies":[{"name":"wp","href":"https:\/\/api.w.org\/{rel}","templated":true}]}}