{"id":28,"date":"2020-05-31T14:25:55","date_gmt":"2020-05-31T14:25:55","guid":{"rendered":"https:\/\/fialaprojekty.cz\/?page_id=28"},"modified":"2020-05-31T14:25:55","modified_gmt":"2020-05-31T14:25:55","slug":"nabidka-praci","status":"publish","type":"page","link":"https:\/\/fialaprojekty.cz\/?page_id=28","title":{"rendered":"NAB\u00cdDKA PRAC\u00cd"},"content":{"rendered":"\n<p>Projek\u010dn\u00ed a in\u017een\u00fdrsk\u00e1 \u010dinnost<br><br><strong><strong>Projekty<\/strong><\/strong>: \u00a0\u00a0\u00a0<br><br>vodohospod\u00e1\u0159sk\u00fdch staveb:<br>\u00a0\u00a0 (\u00fapravny vody, vodojemy, \u010dist\u00edrny odpadn\u00edch vod, vodovodn\u00ed \u0159ady, kanaliza\u010dn\u00ed \u0159ady &#8211; gravita\u010dn\u00ed i tlakov\u00e9, baz\u00e9ny)<br>administrativn\u00edch staveb<br>sportovn\u00edch staveb a baz\u00e9n\u016f<br>obytn\u00fdch staveb<br>plynofikace<br><br><strong>Zpracov\u00e1v\u00e1me<\/strong>: \u00a0\u00a0\u00a0<br><br>Technickoekonomick\u00e9 studie s vyhodnocen\u00edm investi\u010dn\u00edch a provozn\u00edch n\u00e1klad\u016f variantn\u00edch \u0159e\u0161en\u00ed z\u00e1sobov\u00e1n\u00ed obc\u00ed vodou a typy odkanalizov\u00e1n\u00ed, <strong>projekty<\/strong> pro \u00fazemn\u00ed rozhodnut\u00ed, pro stavebn\u00ed povolen\u00ed, prov\u00e1d\u011bc\u00ed <strong>projekty<\/strong><br><br><strong>Projedn\u00e1v\u00e1me<\/strong>: \u00a0\u00a0\u00a0<br><br>\u00fazemn\u00ed rozhodnut\u00ed<br>stavebn\u00ed povolen\u00ed<br><br>Spolupracujeme p\u0159i projedn\u00e1n\u00ed dotac\u00ed<\/p>\n","protected":false},"excerpt":{"rendered":"<p>Projek\u010dn\u00ed a in\u017een\u00fdrsk\u00e1 \u010dinnost Projekty: \u00a0\u00a0\u00a0 vodohospod\u00e1\u0159sk\u00fdch staveb:\u00a0\u00a0 (\u00fapravny vody, vodojemy, \u010dist\u00edrny odpadn\u00edch vod, vodovodn\u00ed \u0159ady, kanaliza\u010dn\u00ed \u0159ady &#8211; gravita\u010dn\u00ed i tlakov\u00e9, baz\u00e9ny)administrativn\u00edch stavebsportovn\u00edch staveb a baz\u00e9n\u016fobytn\u00fdch stavebplynofikace Zpracov\u00e1v\u00e1me: \u00a0\u00a0\u00a0 Technickoekonomick\u00e9 studie s vyhodnocen\u00edm investi\u010dn\u00edch a provozn\u00edch n\u00e1klad\u016f variantn\u00edch \u0159e\u0161en\u00ed z\u00e1sobov\u00e1n\u00ed obc\u00ed vodou a typy odkanalizov\u00e1n\u00ed, projekty pro \u00fazemn\u00ed rozhodnut\u00ed, pro stavebn\u00ed povolen\u00ed, prov\u00e1d\u011bc\u00ed projekty &hellip; <a href=\"https:\/\/fialaprojekty.cz\/?page_id=28\" class=\"more-link\">Pokra\u010dov\u00e1n\u00ed textu <span class=\"screen-reader-text\">NAB\u00cdDKA PRAC\u00cd<\/span><\/a><\/p>\n","protected":false},"author":1,"featured_media":0,"parent":0,"menu_order":0,"comment_status":"closed","ping_status":"closed","template":"","meta":{"footnotes":""},"class_list":["post-28","page","type-page","status-publish","hentry"],"_links":{"self":[{"href":"https:\/\/fialaprojekty.cz\/index.php?rest_route=\/wp\/v2\/pages\/28","targetHints":{"allow":["GET"]}}],"collection":[{"href":"https:\/\/fialaprojekty.cz\/index.php?rest_route=\/wp\/v2\/pages"}],"about":[{"href":"https:\/\/fialaprojekty.cz\/index.php?rest_route=\/wp\/v2\/types\/page"}],"author":[{"embeddable":true,"href":"https:\/\/fialaprojekty.cz\/index.php?rest_route=\/wp\/v2\/users\/1"}],"replies":[{"embeddable":true,"href":"https:\/\/fialaprojekty.cz\/index.php?rest_route=%2Fwp%2Fv2%2Fcomments&post=28"}],"version-history":[{"count":2,"href":"https:\/\/fialaprojekty.cz\/index.php?rest_route=\/wp\/v2\/pages\/28\/revisions"}],"predecessor-version":[{"id":30,"href":"https:\/\/fialaprojekty.cz\/index.php?rest_route=\/wp\/v2\/pages\/28\/revisions\/30"}],"wp:attachment":[{"href":"https:\/\/fialaprojekty.cz\/index.php?rest_route=%2Fwp%2Fv2%2Fmedia&parent=28"}],"curies":[{"name":"wp","href":"https:\/\/api.w.org\/{rel}","templated":true}]}}