{"id":40,"date":"2020-05-31T14:44:49","date_gmt":"2020-05-31T14:44:49","guid":{"rendered":"https:\/\/fialaprojekty.cz\/?page_id=40"},"modified":"2020-05-31T14:53:51","modified_gmt":"2020-05-31T14:53:51","slug":"obytne-stavby","status":"publish","type":"page","link":"https:\/\/fialaprojekty.cz\/?page_id=40","title":{"rendered":"OBYTN\u00c9 STAVBY"},"content":{"rendered":"\n<ul class=\"wp-block-list\"><li>Lhota &#8211; rodinn\u00fd d\u016fm<\/li><\/ul>\n\n\n\n<figure class=\"wp-block-image size-large\"><img loading=\"lazy\" decoding=\"async\" width=\"150\" height=\"150\" src=\"https:\/\/fialaprojekty.cz\/wp-content\/uploads\/2020\/05\/287836412089495-2.jpg\" alt=\"\" class=\"wp-image-78\"\/><\/figure>\n\n\n\n<ul class=\"wp-block-list\"><li>Tanvald &#8211; rekonstrukce rekrea\u010dn\u00edho domku<\/li><li>Nupaky &#8211; rodinn\u00fd d\u016fm<\/li><li>Petrovice &#8211; Dieslova ul. rodinn\u00fd d\u016fm<\/li><\/ul>\n\n\n\n<figure class=\"wp-block-image size-large is-resized\"><img loading=\"lazy\" decoding=\"async\" src=\"https:\/\/fialaprojekty.cz\/wp-content\/uploads\/2020\/05\/633319838665792.jpg\" alt=\"\" class=\"wp-image-91\" width=\"220\" height=\"149\"\/><\/figure>\n\n\n\n<ul class=\"wp-block-list\"><li>St\u0159\u00ed\u017ekovsk\u00e1 8, Praha 8 &#8211; oprava a rekonstrukce bytov\u00e9ho domu<\/li><li>Rodinn\u00fd d\u016fm \u0158eporyje 13, p\u0159\u00edstavba a p\u016fdn\u00ed vestavba<\/li><li>Zateplen\u00ed panelov\u00e9ho domu &#8211; Praha 9 \u2013 Prosek \u2013 Jabloneck\u00e1 355 \u2013 365 \u2013 oprava lod\u017ei\u00ed a vstup\u016f (11 sekc\u00ed)<\/li><li>Zateplen\u00ed panelov\u00e9ho domu &#8211; Praha 9 \u2013 Prosek \u2013 Litom\u011b\u0159ick\u00e1 577 \u2013 585 \u2013 oprava lod\u017ei\u00ed a vstup\u016f (9 sekc\u00ed)<\/li><li>\u0158\u00ed\u010dany \u2013 administrativn\u00ed budova VaK \u2013 p\u0159\u00edstavba a rekonstrukce<\/li><li>Zateplen\u00ed a v\u00fdm\u011bna oken panelov\u00e9ho domu &#8211; Ja\u0161\u00edkova 1532 \u2013 1534, Praha 4 (projekt pro v\u00fdb\u011brov\u00e9 \u0159\u00edzen\u00ed)zateplen\u00ed, \u00faprava vstup\u016f<\/li><\/ul>\n\n\n\n<figure class=\"wp-block-image size-large is-resized\"><img loading=\"lazy\" decoding=\"async\" src=\"https:\/\/fialaprojekty.cz\/wp-content\/uploads\/2020\/05\/260377226770709-2.jpg\" alt=\"\" class=\"wp-image-77\" width=\"176\" height=\"176\"\/><\/figure>\n\n\n\n<ul class=\"wp-block-list\"><li>V\u00fdm\u011bna oken a v\u00fdtah\u016f panelov\u00e9ho domu &#8211; Marku\u0161ova 1636 \u2013 1638, Praha 4 (projekt pro stavebn\u00ed povolen\u00ed)<\/li><li>Regenerace bytov\u00e9ho objektu Praha 4, K\u0159ejpsk\u00e9ho \u010dp. 1504 \u2013 1514 \u2013 Ji\u017en\u00ed M\u011bsto(zm\u011bna projektu pro stavebn\u00ed povolen\u00ed a dokumentace proveden\u00ed stavby a autorsk\u00fd dozor),\u00faprava vstup\u016f a spole\u010dn\u00fdch prostor ,zateplen\u00ed pl\u00e1\u0161t\u011b a st\u0159echy,lod\u017eie, elektroinstalace-silnoproud,slaboproud,vzduchotechnika<\/li><\/ul>\n\n\n\n<div class=\"wp-block-group\"><div class=\"wp-block-group__inner-container is-layout-flow wp-block-group-is-layout-flow\">\n<div class=\"wp-block-group\"><div class=\"wp-block-group__inner-container is-layout-flow wp-block-group-is-layout-flow\">\n<figure class=\"wp-block-image size-large is-resized\"><img loading=\"lazy\" decoding=\"async\" src=\"https:\/\/fialaprojekty.cz\/wp-content\/uploads\/2020\/05\/819381282892287.jpg\" alt=\"\" class=\"wp-image-110\" width=\"140\" height=\"186\" srcset=\"https:\/\/fialaprojekty.cz\/wp-content\/uploads\/2020\/05\/819381282892287.jpg 600w, https:\/\/fialaprojekty.cz\/wp-content\/uploads\/2020\/05\/819381282892287-225x300.jpg 225w\" sizes=\"auto, (max-width: 140px) 100vw, 140px\" \/><\/figure>\n<\/div><\/div>\n<\/div><\/div>\n\n\n\n<ul class=\"wp-block-list\"><li>Zpracov\u00e1n\u00ed projektov\u00e9 dokumentace na regeneraci panelov\u00e9ho domu &#8211; Majersk\u00e9ho 2034 \u2013 2039 (projekt pro stavebn\u00ed povolen\u00ed a v\u00fdb\u011brov\u00e9 \u0159\u00edzen\u00ed) zateplen\u00ed pl\u00e1\u0161t\u011b a st\u0159echy, silnoproud, slaboproud, vzduchotechnika, \u00fapravy vyt\u00e1p\u011bn\u00ed,lod\u017eie<\/li><li>Zateplen\u00ed panelov\u00e9ho domu &#8211; Praha 4, Le\u010dkova, 1521 \u2013 spole\u010denstv\u00ed vlastn\u00edk\u016f \u2013 regenerace panelov\u00e9ho domu ( projekt pro v\u00fdb\u011brov\u00e9 \u0159\u00edzen\u00ed ) zateplen\u00ed, bezbari\u00e9rov\u00fd vstup<\/li><\/ul>\n\n\n\n<figure class=\"wp-block-image size-large is-resized\"><img loading=\"lazy\" decoding=\"async\" src=\"https:\/\/fialaprojekty.cz\/wp-content\/uploads\/2020\/05\/170367759176150.jpg\" alt=\"\" class=\"wp-image-99\" width=\"178\" height=\"133\" srcset=\"https:\/\/fialaprojekty.cz\/wp-content\/uploads\/2020\/05\/170367759176150.jpg 800w, https:\/\/fialaprojekty.cz\/wp-content\/uploads\/2020\/05\/170367759176150-300x225.jpg 300w, https:\/\/fialaprojekty.cz\/wp-content\/uploads\/2020\/05\/170367759176150-768x576.jpg 768w\" sizes=\"auto, (max-width: 178px) 100vw, 178px\" \/><\/figure>\n\n\n\n<ul class=\"wp-block-list\"><li>Zateplen\u00ed panelov\u00e9ho domu &#8211; Praha 4 , K\u0159ejpsk\u00e9ho 1524-25, zateplen\u00ed panelov\u00e9ho domu ( 2 sekce )<\/li><li>\u0160eberov \u2013 p\u0159\u00edstavba RD, Ke \u0160mejkalu 193<\/li><li>Chodov \u2013 p\u0159\u00edstavba a vestavba RD, Starochodovsk\u00e1 197\/30<\/li><li>\u00dajezd u Pr\u016fhonic, Formansk\u00e1 \u2013 oprava a p\u016fdn\u00ed vestavba rodinn\u00e9ho domu<\/li><li>Praha \u2013 V\u00fdhledy III \u2013 rodinn\u00fd d\u016fm<\/li><li>Zho\u0159 \u2013 rekonstrukce rekrea\u010dn\u00edho domku<\/li><li>Lhota \u2013 Praha \u2013 z\u00e1pad \u2013 2 rodinn\u00e9 domy \u2013 \u010d.p. 159\/8, 159\/9<\/li><li>Beroun \u2013 obnova chaty po povodni 2002<\/li><li>Praha 4,T\u00e1borsk\u00e1 47 ,p\u016fdn\u00ed vestavba<\/li><li>Tanvald \u2013 rekonstrukce rekrea\u010dn\u00edho domku<\/li><li>Ratm\u011b\u0159ice-parcelace a zas\u00ed\u0165ov\u00e1n\u00ed stavebn\u00edch pozemk\u016f pro RD<\/li><li>Svojetice \u2013 parcelace a zas\u00ed\u0165ov\u00e1n\u00ed pro RD<\/li><li>Ob\u0159\u00edstv\u00ed \u2013parcelace poz 75\/1 a zas\u00ed\u0165ov\u00e1n\u00ed pro RD<\/li><\/ul>\n","protected":false},"excerpt":{"rendered":"<p>Lhota &#8211; rodinn\u00fd d\u016fm Tanvald &#8211; rekonstrukce rekrea\u010dn\u00edho domku Nupaky &#8211; rodinn\u00fd d\u016fm Petrovice &#8211; Dieslova ul. rodinn\u00fd d\u016fm St\u0159\u00ed\u017ekovsk\u00e1 8, Praha 8 &#8211; oprava a rekonstrukce bytov\u00e9ho domu Rodinn\u00fd d\u016fm \u0158eporyje 13, p\u0159\u00edstavba a p\u016fdn\u00ed vestavba Zateplen\u00ed panelov\u00e9ho domu &#8211; Praha 9 \u2013 Prosek \u2013 Jabloneck\u00e1 355 \u2013 365 \u2013 oprava lod\u017ei\u00ed a vstup\u016f &hellip; <a href=\"https:\/\/fialaprojekty.cz\/?page_id=40\" class=\"more-link\">Pokra\u010dov\u00e1n\u00ed textu <span class=\"screen-reader-text\">OBYTN\u00c9 STAVBY<\/span><\/a><\/p>\n","protected":false},"author":1,"featured_media":0,"parent":0,"menu_order":0,"comment_status":"closed","ping_status":"closed","template":"","meta":{"footnotes":""},"class_list":["post-40","page","type-page","status-publish","hentry"],"_links":{"self":[{"href":"https:\/\/fialaprojekty.cz\/index.php?rest_route=\/wp\/v2\/pages\/40","targetHints":{"allow":["GET"]}}],"collection":[{"href":"https:\/\/fialaprojekty.cz\/index.php?rest_route=\/wp\/v2\/pages"}],"about":[{"href":"https:\/\/fialaprojekty.cz\/index.php?rest_route=\/wp\/v2\/types\/page"}],"author":[{"embeddable":true,"href":"https:\/\/fialaprojekty.cz\/index.php?rest_route=\/wp\/v2\/users\/1"}],"replies":[{"embeddable":true,"href":"https:\/\/fialaprojekty.cz\/index.php?rest_route=%2Fwp%2Fv2%2Fcomments&post=40"}],"version-history":[{"count":4,"href":"https:\/\/fialaprojekty.cz\/index.php?rest_route=\/wp\/v2\/pages\/40\/revisions"}],"predecessor-version":[{"id":113,"href":"https:\/\/fialaprojekty.cz\/index.php?rest_route=\/wp\/v2\/pages\/40\/revisions\/113"}],"wp:attachment":[{"href":"https:\/\/fialaprojekty.cz\/index.php?rest_route=%2Fwp%2Fv2%2Fmedia&parent=40"}],"curies":[{"name":"wp","href":"https:\/\/api.w.org\/{rel}","templated":true}]}}